{"id":21,"date":"2010-10-21T14:25:03","date_gmt":"2010-10-21T14:25:03","guid":{"rendered":"http:\/\/fabiovillela.com.br\/viagens\/?page_id=21"},"modified":"2011-12-20T00:16:57","modified_gmt":"2011-12-20T00:16:57","slug":"contato","status":"publish","type":"page","link":"http:\/\/fabiovillela.com.br\/blogautoral\/contato\/","title":{"rendered":"Contato"},"content":{"rendered":"<div>\n<p>Ol\u00e1, obrigado por ter acessado meu Blog !\u00a0Abaixo est\u00e1 um pequeno formul\u00e1rio que voc\u00ea pode preencher caso queira entrar em contato comigo. Responderei o mais breve possivel.<\/p>\n<p>Obrigado e Retorne quando desejar<\/p>\n<p>[contact-form 1 &#8220;Formul\u00e1rio de contato 1&#8221;]<\/p>\n<\/div>\n","protected":false},"excerpt":{"rendered":"<p>Ol\u00e1, obrigado por ter acessado meu Blog !\u00a0Abaixo est\u00e1 um pequeno formul\u00e1rio que voc\u00ea pode preencher caso queira entrar em contato comigo. Responderei o mais breve possivel. Obrigado e Retorne quando desejar [contact-form 1 &#8220;Formul\u00e1rio de contato 1&#8221;]<\/p>\n","protected":false},"author":1,"featured_media":0,"parent":0,"menu_order":0,"comment_status":"open","ping_status":"open","template":"","meta":{"footnotes":""},"class_list":["post-21","page","type-page","status-publish","hentry"],"_links":{"self":[{"href":"http:\/\/fabiovillela.com.br\/blogautoral\/wp-json\/wp\/v2\/pages\/21","targetHints":{"allow":["GET"]}}],"collection":[{"href":"http:\/\/fabiovillela.com.br\/blogautoral\/wp-json\/wp\/v2\/pages"}],"about":[{"href":"http:\/\/fabiovillela.com.br\/blogautoral\/wp-json\/wp\/v2\/types\/page"}],"author":[{"embeddable":true,"href":"http:\/\/fabiovillela.com.br\/blogautoral\/wp-json\/wp\/v2\/users\/1"}],"replies":[{"embeddable":true,"href":"http:\/\/fabiovillela.com.br\/blogautoral\/wp-json\/wp\/v2\/comments?post=21"}],"version-history":[{"count":3,"href":"http:\/\/fabiovillela.com.br\/blogautoral\/wp-json\/wp\/v2\/pages\/21\/revisions"}],"predecessor-version":[{"id":192,"href":"http:\/\/fabiovillela.com.br\/blogautoral\/wp-json\/wp\/v2\/pages\/21\/revisions\/192"}],"wp:attachment":[{"href":"http:\/\/fabiovillela.com.br\/blogautoral\/wp-json\/wp\/v2\/media?parent=21"}],"curies":[{"name":"wp","href":"https:\/\/api.w.org\/{rel}","templated":true}]}}