{"id":18,"date":"2010-10-21T14:23:11","date_gmt":"2010-10-21T14:23:11","guid":{"rendered":"http:\/\/fabiovillela.com.br\/viagens\/?page_id=18"},"modified":"2011-10-24T17:54:51","modified_gmt":"2011-10-24T17:54:51","slug":"autoral","status":"publish","type":"page","link":"http:\/\/fabiovillela.com.br\/blogautoral\/autoral\/","title":{"rendered":"Autoral"},"content":{"rendered":"<p style=\"text-align: justify;\">Aqui voc\u00ea encontrar\u00e1 um pouco sobre minha paix\u00e3o que \u00e9 a fotografia. S\u00e3o passeios e viagens que realizei desde que comecei minha inteira\u00e7\u00e3o com a fotografia. Visitas a fazendas antigas, vilas, vilarejos, igrejas e muito mais retratando sempre regionalismos e\u00a0 cultura locais.<\/p>\n<p style=\"text-align: justify;\">Clique na imagem abaixo para carregar o site.<\/p>\n<p style=\"text-align: center;\"><a href=\"http:\/\/fabiovillela.com.br\/avisoautoral.html\" target=\"_blank\"><img loading=\"lazy\" decoding=\"async\" class=\"aligncenter\" title=\"Autoral\" src=\"http:\/\/fabiovillela.com.br\/blog\/wp-content\/uploads\/2010\/10\/autoral_blog-800x640.jpg\" alt=\"\" width=\"480\" height=\"384\" \/><\/a><\/p>\n<p style=\"text-align: justify;\">Abra\u00e7os e obrigado pela visita.<\/p>\n","protected":false},"excerpt":{"rendered":"<p>Aqui voc\u00ea encontrar\u00e1 um pouco sobre minha paix\u00e3o que \u00e9 a fotografia. S\u00e3o passeios e viagens que realizei desde que comecei minha inteira\u00e7\u00e3o com a fotografia. Visitas a fazendas antigas, vilas, vilarejos, igrejas e muito mais retratando sempre regionalismos e\u00a0 cultura locais. Clique na imagem abaixo para carregar o site. Abra\u00e7os e obrigado pela visita.<\/p>\n","protected":false},"author":1,"featured_media":0,"parent":0,"menu_order":0,"comment_status":"open","ping_status":"open","template":"","meta":{"footnotes":""},"class_list":["post-18","page","type-page","status-publish","hentry"],"_links":{"self":[{"href":"http:\/\/fabiovillela.com.br\/blogautoral\/wp-json\/wp\/v2\/pages\/18","targetHints":{"allow":["GET"]}}],"collection":[{"href":"http:\/\/fabiovillela.com.br\/blogautoral\/wp-json\/wp\/v2\/pages"}],"about":[{"href":"http:\/\/fabiovillela.com.br\/blogautoral\/wp-json\/wp\/v2\/types\/page"}],"author":[{"embeddable":true,"href":"http:\/\/fabiovillela.com.br\/blogautoral\/wp-json\/wp\/v2\/users\/1"}],"replies":[{"embeddable":true,"href":"http:\/\/fabiovillela.com.br\/blogautoral\/wp-json\/wp\/v2\/comments?post=18"}],"version-history":[{"count":2,"href":"http:\/\/fabiovillela.com.br\/blogautoral\/wp-json\/wp\/v2\/pages\/18\/revisions"}],"predecessor-version":[{"id":913,"href":"http:\/\/fabiovillela.com.br\/blogautoral\/wp-json\/wp\/v2\/pages\/18\/revisions\/913"}],"wp:attachment":[{"href":"http:\/\/fabiovillela.com.br\/blogautoral\/wp-json\/wp\/v2\/media?parent=18"}],"curies":[{"name":"wp","href":"https:\/\/api.w.org\/{rel}","templated":true}]}}