{"id":16,"date":"2010-10-21T14:22:22","date_gmt":"2010-10-21T14:22:22","guid":{"rendered":"http:\/\/fabiovillela.com.br\/viagens\/?page_id=16"},"modified":"2010-10-21T14:22:22","modified_gmt":"2010-10-21T14:22:22","slug":"blog-profissional","status":"publish","type":"page","link":"http:\/\/fabiovillela.com.br\/blogautoral\/blog-profissional\/","title":{"rendered":"Blog"},"content":{"rendered":"<p><a href=\"http:\/\/fabiovillela.com.br\/blogautoral\/wp-content\/uploads\/2010\/10\/blog_img.jpg\"><\/a>Aqui voc\u00ea encontrar\u00e1 um o meu blog profissional onde comento al\u00e9m de eventos, curiosidades e noticiais do mundo fotogr\u00e1fico. Clique na foto abaixo para ser direcionado para meu BLOG Profissional !<\/p>\n<p><a href=\"http:\/\/fabiovillela.com.br\/blog\" target=\"_blank\"><img loading=\"lazy\" decoding=\"async\" class=\"alignnone size-full wp-image-32\" title=\"Blog\" src=\"http:\/\/fabiovillela.com.br\/blogautoral\/wp-content\/uploads\/2010\/10\/blog_img.jpg\" alt=\"\" width=\"480\" height=\"384\" \/><\/a><\/p>\n<p>Obrigado pela sua visita<\/p>\n","protected":false},"excerpt":{"rendered":"<p>Aqui voc\u00ea encontrar\u00e1 um o meu blog profissional onde comento al\u00e9m de eventos, curiosidades e noticiais do mundo fotogr\u00e1fico. Clique na foto abaixo para ser direcionado para meu BLOG Profissional ! Obrigado pela sua visita<\/p>\n","protected":false},"author":1,"featured_media":0,"parent":0,"menu_order":0,"comment_status":"open","ping_status":"open","template":"","meta":{"footnotes":""},"class_list":["post-16","page","type-page","status-publish","hentry"],"_links":{"self":[{"href":"http:\/\/fabiovillela.com.br\/blogautoral\/wp-json\/wp\/v2\/pages\/16","targetHints":{"allow":["GET"]}}],"collection":[{"href":"http:\/\/fabiovillela.com.br\/blogautoral\/wp-json\/wp\/v2\/pages"}],"about":[{"href":"http:\/\/fabiovillela.com.br\/blogautoral\/wp-json\/wp\/v2\/types\/page"}],"author":[{"embeddable":true,"href":"http:\/\/fabiovillela.com.br\/blogautoral\/wp-json\/wp\/v2\/users\/1"}],"replies":[{"embeddable":true,"href":"http:\/\/fabiovillela.com.br\/blogautoral\/wp-json\/wp\/v2\/comments?post=16"}],"version-history":[{"count":1,"href":"http:\/\/fabiovillela.com.br\/blogautoral\/wp-json\/wp\/v2\/pages\/16\/revisions"}],"predecessor-version":[{"id":1553,"href":"http:\/\/fabiovillela.com.br\/blogautoral\/wp-json\/wp\/v2\/pages\/16\/revisions\/1553"}],"wp:attachment":[{"href":"http:\/\/fabiovillela.com.br\/blogautoral\/wp-json\/wp\/v2\/media?parent=16"}],"curies":[{"name":"wp","href":"https:\/\/api.w.org\/{rel}","templated":true}]}}